{"id":10,"date":"2025-10-03T03:48:04","date_gmt":"2025-10-03T01:48:04","guid":{"rendered":"https:\/\/shop.strike.lu\/?page_id=10"},"modified":"2025-10-03T03:48:04","modified_gmt":"2025-10-03T01:48:04","slug":"tickets-checkout","status":"publish","type":"page","link":"https:\/\/shop.strike.lu\/fr\/tickets-checkout\/","title":{"rendered":"Tickets Checkout"},"content":{"rendered":"<link rel='stylesheet' id='tec-variables-skeleton-css' href='https:\/\/shop.strike.lu\/wp-content\/plugins\/event-tickets\/common\/build\/css\/variables-skeleton.css?ver=6.10.2' media='all' \/>\n<link rel='stylesheet' id='tribe-common-skeleton-style-css' href='https:\/\/shop.strike.lu\/wp-content\/plugins\/event-tickets\/common\/build\/css\/common-skeleton.css?ver=6.10.2' media='all' \/>\n<link rel='stylesheet' id='tec-variables-full-css' href='https:\/\/shop.strike.lu\/wp-content\/plugins\/event-tickets\/common\/build\/css\/variables-full.css?ver=6.10.2' media='all' \/>\n<link rel='stylesheet' id='tribe-common-full-style-css' href='https:\/\/shop.strike.lu\/wp-content\/plugins\/event-tickets\/common\/build\/css\/common-full.css?ver=6.10.2' media='all' \/>\n<link rel='stylesheet' id='tribe-common-responsive-css' href='https:\/\/shop.strike.lu\/wp-content\/plugins\/event-tickets\/build\/css\/common-responsive.css?ver=5.27.4.1' media='all' \/>\n<link rel='stylesheet' id='tribe-tickets-commerce-style-css' href='https:\/\/shop.strike.lu\/wp-content\/plugins\/event-tickets\/build\/css\/tickets-commerce.css?ver=5.27.4.1' media='all' \/>\n<link rel='stylesheet' id='tribe-tickets-commerce-stripe-style-css' href='https:\/\/shop.strike.lu\/wp-content\/plugins\/event-tickets\/build\/css\/tickets-commerce\/gateway\/stripe.css?ver=5.27.4.1' media='all' \/>\n<link rel='stylesheet' id='tribe-tickets-commerce-free-style-css' href='https:\/\/shop.strike.lu\/wp-content\/plugins\/event-tickets\/build\/css\/tickets-commerce\/gateway\/free.css?ver=5.27.4.1' media='all' \/>\n<link rel='stylesheet' id='tribe-tickets-commerce-paypal-style-css' href='https:\/\/shop.strike.lu\/wp-content\/plugins\/event-tickets\/build\/css\/tickets-commerce\/gateway\/paypal.css?ver=5.27.4.1' media='all' \/>\n<div class=\"tribe-common event-tickets\">\n\t<section\n\t\tclass=\"tribe-tickets__commerce-checkout\"\n\t\t data-js=\"tec-tickets-commerce-notice\" data-notice-default-title=\"Paiement indisponible\u00a0!\" data-notice-default-content=\"Le paiement n\u2019est pas disponible pour le moment car aucun mode de paiement n\u2019a \u00e9t\u00e9 configur\u00e9 pour cet \u00e9v\u00e8nement. Veuillez en informer l\u2019administrateur du site.\" \t>\n\t\t<input type=\"hidden\" id=\"tec-tc-checkout-nonce\" name=\"tec-tc-checkout-nonce\" value=\"6f724213a2\" \/><input type=\"hidden\" name=\"_wp_http_referer\" value=\"\/fr\/wp-json\/wp\/v2\/pages\/10\" \/>\t\t<header class=\"tribe-tickets__commerce-checkout-header\">\n\t<h3 class=\"tribe-common-h2 tribe-tickets__commerce-checkout-header-title\">\n\tAcheter Billets<\/h3>\n\t<\/header>\n\t\t\t\t<div  class=\"tribe-tickets-loader__dots tribe-common-c-loader tribe-common-a11y-hidden\" >\n\t<svg\n\t class=\"tribe-common-c-svgicon tribe-common-c-svgicon--dot tribe-common-c-loader__dot tribe-common-c-loader__dot--first\" \taria-hidden=\"true\"\n\tviewbox=\"0 0 15 15\"\n\txmlns=\"http:\/\/www.w3.org\/2000\/svg\"\n>\n\t<circle cx=\"7.5\" cy=\"7.5\" r=\"7.5\"\/>\n<\/svg>\n\t<svg\n\t class=\"tribe-common-c-svgicon tribe-common-c-svgicon--dot tribe-common-c-loader__dot tribe-common-c-loader__dot--second\" \taria-hidden=\"true\"\n\tviewbox=\"0 0 15 15\"\n\txmlns=\"http:\/\/www.w3.org\/2000\/svg\"\n>\n\t<circle cx=\"7.5\" cy=\"7.5\" r=\"7.5\"\/>\n<\/svg>\n\t<svg\n\t class=\"tribe-common-c-svgicon tribe-common-c-svgicon--dot tribe-common-c-loader__dot tribe-common-c-loader__dot--third\" \taria-hidden=\"true\"\n\tviewbox=\"0 0 15 15\"\n\txmlns=\"http:\/\/www.w3.org\/2000\/svg\"\n>\n\t<circle cx=\"7.5\" cy=\"7.5\" r=\"7.5\"\/>\n<\/svg>\n<\/div>\n\t\t<div id=\"\"  class=\"tribe-tickets__notice tribe-tickets__notice--error tribe-tickets__commerce-checkout-notice\" >\n\t\t\t<h3 class=\"tribe-common-h7 tribe-tickets-notice__title\">Erreur dans la commande\u00a0!<\/h3>\n\t\n\t<div  class=\"tribe-common-b2 tribe-tickets-notice__content tribe-tickets__commerce-checkout-notice-content\" >\n\t\tUn probl\u00e8me est survenu\u00a0!\t<\/div>\n<\/div>\n\t\t<div class=\"tribe-tickets__commerce-checkout-cart-empty\">\n\t<h3 class=\"tribe-common-h3 tribe-tickets__commerce-checkout-cart-empty-title\">\n\tOh l\u00e0, pas de billets!<\/h3>\n\t<div class=\"tribe-common-b1 tribe-tickets__commerce-checkout-cart-empty-description\">\n\tVeuillez <a href=\"https:\/\/shop.strike.lu\/fr\/events\/\" class=\"tribe-common-anchor-alt tribe-tickets__commerce-checkout-cart-empty-description-link\">naviguer dans les \u00e9v\u00e8nements<\/a> et ajouter des billets pour commander.<\/div>\n<\/div>\n\t\t\t\t\t\t<footer class=\"tribe-tickets__commerce-checkout-footer\">\n\t<\/footer>\n\t\t\t<\/section>\n<\/div>","protected":false},"excerpt":{"rendered":"","protected":false},"author":2,"featured_media":0,"parent":0,"menu_order":0,"comment_status":"closed","ping_status":"closed","template":"","meta":{"_uf_show_specific_survey":0,"_uf_disable_surveys":false,"_price":"","_stock":"","_tribe_ticket_header":"","_tribe_default_ticket_provider":"","_ticket_start_date":"","_ticket_end_date":"","_tribe_ticket_show_description":"","_tribe_ticket_show_not_going":false,"_tribe_ticket_use_global_stock":"","_tribe_ticket_global_stock_level":"","_global_stock_mode":"","_global_stock_cap":"","_tribe_rsvp_for_event":"","_tribe_ticket_going_count":"","_tribe_ticket_not_going_count":"","_tribe_tickets_list":"[]","_tribe_ticket_has_attendee_info_fields":false,"inspiro_hide_title":false,"footnotes":"","_tec_slr_enabled":"","_tec_slr_layout":""},"class_list":["post-10","page","type-page","status-publish","hentry"],"yoast_head":"<!-- This site is optimized with the Yoast SEO plugin v27.1.1 - https:\/\/yoast.com\/product\/yoast-seo-wordpress\/ -->\n<title>Tickets Checkout - Strike Online Shop<\/title>\n<meta name=\"robots\" content=\"index, follow, max-snippet:-1, max-image-preview:large, max-video-preview:-1\" \/>\n<link rel=\"canonical\" href=\"https:\/\/shop.strike.lu\/fr\/tickets-checkout\/\" \/>\n<meta property=\"og:locale\" content=\"fr_FR\" \/>\n<meta property=\"og:type\" content=\"article\" \/>\n<meta property=\"og:title\" content=\"Tickets Checkout - Strike Online Shop\" \/>\n<meta property=\"og:url\" content=\"https:\/\/shop.strike.lu\/fr\/tickets-checkout\/\" \/>\n<meta property=\"og:site_name\" content=\"Strike Online Shop\" \/>\n<meta name=\"twitter:card\" content=\"summary_large_image\" \/>\n<script type=\"application\/ld+json\" class=\"yoast-schema-graph\">{\"@context\":\"https:\/\/schema.org\",\"@graph\":[{\"@type\":\"WebPage\",\"@id\":\"https:\/\/shop.strike.lu\/tickets-checkout\/\",\"url\":\"https:\/\/shop.strike.lu\/tickets-checkout\/\",\"name\":\"Tickets Checkout - Strike Online Shop\",\"isPartOf\":{\"@id\":\"https:\/\/shop.strike.lu\/#website\"},\"datePublished\":\"2025-10-03T01:48:04+00:00\",\"breadcrumb\":{\"@id\":\"https:\/\/shop.strike.lu\/tickets-checkout\/#breadcrumb\"},\"inLanguage\":\"fr-FR\",\"potentialAction\":[{\"@type\":\"ReadAction\",\"target\":[\"https:\/\/shop.strike.lu\/tickets-checkout\/\"]}]},{\"@type\":\"BreadcrumbList\",\"@id\":\"https:\/\/shop.strike.lu\/tickets-checkout\/#breadcrumb\",\"itemListElement\":[{\"@type\":\"ListItem\",\"position\":1,\"name\":\"Home\"},{\"@type\":\"ListItem\",\"position\":2,\"name\":\"Tickets Checkout\"}]},{\"@type\":\"WebSite\",\"@id\":\"https:\/\/shop.strike.lu\/#website\",\"url\":\"https:\/\/shop.strike.lu\/\",\"name\":\"Strike Online Shop\",\"description\":\"\",\"publisher\":{\"@id\":\"https:\/\/shop.strike.lu\/#organization\"},\"potentialAction\":[{\"@type\":\"SearchAction\",\"target\":{\"@type\":\"EntryPoint\",\"urlTemplate\":\"https:\/\/shop.strike.lu\/?s={search_term_string}\"},\"query-input\":{\"@type\":\"PropertyValueSpecification\",\"valueRequired\":true,\"valueName\":\"search_term_string\"}}],\"inLanguage\":\"fr-FR\"},{\"@type\":\"Organization\",\"@id\":\"https:\/\/shop.strike.lu\/#organization\",\"name\":\"Strike Online Shop\",\"url\":\"https:\/\/shop.strike.lu\/\",\"logo\":{\"@type\":\"ImageObject\",\"inLanguage\":\"fr-FR\",\"@id\":\"https:\/\/shop.strike.lu\/#\/schema\/logo\/image\/\",\"url\":\"https:\/\/shop.strike.lu\/wp-content\/uploads\/2025\/10\/cropped-STRIKE_LOGO_OFFICIEL_1-scaled-1.png\",\"contentUrl\":\"https:\/\/shop.strike.lu\/wp-content\/uploads\/2025\/10\/cropped-STRIKE_LOGO_OFFICIEL_1-scaled-1.png\",\"width\":2559,\"height\":1670,\"caption\":\"Strike Online Shop\"},\"image\":{\"@id\":\"https:\/\/shop.strike.lu\/#\/schema\/logo\/image\/\"}}]}<\/script>\n<!-- \/ Yoast SEO plugin. -->","yoast_head_json":{"title":"Tickets Checkout - Strike Online Shop","robots":{"index":"index","follow":"follow","max-snippet":"max-snippet:-1","max-image-preview":"max-image-preview:large","max-video-preview":"max-video-preview:-1"},"canonical":"https:\/\/shop.strike.lu\/fr\/tickets-checkout\/","og_locale":"fr_FR","og_type":"article","og_title":"Tickets Checkout - Strike Online Shop","og_url":"https:\/\/shop.strike.lu\/fr\/tickets-checkout\/","og_site_name":"Strike Online Shop","twitter_card":"summary_large_image","schema":{"@context":"https:\/\/schema.org","@graph":[{"@type":"WebPage","@id":"https:\/\/shop.strike.lu\/tickets-checkout\/","url":"https:\/\/shop.strike.lu\/tickets-checkout\/","name":"Tickets Checkout - Strike Online Shop","isPartOf":{"@id":"https:\/\/shop.strike.lu\/#website"},"datePublished":"2025-10-03T01:48:04+00:00","breadcrumb":{"@id":"https:\/\/shop.strike.lu\/tickets-checkout\/#breadcrumb"},"inLanguage":"fr-FR","potentialAction":[{"@type":"ReadAction","target":["https:\/\/shop.strike.lu\/tickets-checkout\/"]}]},{"@type":"BreadcrumbList","@id":"https:\/\/shop.strike.lu\/tickets-checkout\/#breadcrumb","itemListElement":[{"@type":"ListItem","position":1,"name":"Home"},{"@type":"ListItem","position":2,"name":"Tickets Checkout"}]},{"@type":"WebSite","@id":"https:\/\/shop.strike.lu\/#website","url":"https:\/\/shop.strike.lu\/","name":"Strike Online Shop","description":"","publisher":{"@id":"https:\/\/shop.strike.lu\/#organization"},"potentialAction":[{"@type":"SearchAction","target":{"@type":"EntryPoint","urlTemplate":"https:\/\/shop.strike.lu\/?s={search_term_string}"},"query-input":{"@type":"PropertyValueSpecification","valueRequired":true,"valueName":"search_term_string"}}],"inLanguage":"fr-FR"},{"@type":"Organization","@id":"https:\/\/shop.strike.lu\/#organization","name":"Strike Online Shop","url":"https:\/\/shop.strike.lu\/","logo":{"@type":"ImageObject","inLanguage":"fr-FR","@id":"https:\/\/shop.strike.lu\/#\/schema\/logo\/image\/","url":"https:\/\/shop.strike.lu\/wp-content\/uploads\/2025\/10\/cropped-STRIKE_LOGO_OFFICIEL_1-scaled-1.png","contentUrl":"https:\/\/shop.strike.lu\/wp-content\/uploads\/2025\/10\/cropped-STRIKE_LOGO_OFFICIEL_1-scaled-1.png","width":2559,"height":1670,"caption":"Strike Online Shop"},"image":{"@id":"https:\/\/shop.strike.lu\/#\/schema\/logo\/image\/"}}]}},"ticketed":false,"_links":{"self":[{"href":"https:\/\/shop.strike.lu\/fr\/wp-json\/wp\/v2\/pages\/10","targetHints":{"allow":["GET"]}}],"collection":[{"href":"https:\/\/shop.strike.lu\/fr\/wp-json\/wp\/v2\/pages"}],"about":[{"href":"https:\/\/shop.strike.lu\/fr\/wp-json\/wp\/v2\/types\/page"}],"author":[{"embeddable":true,"href":"https:\/\/shop.strike.lu\/fr\/wp-json\/wp\/v2\/users\/2"}],"replies":[{"embeddable":true,"href":"https:\/\/shop.strike.lu\/fr\/wp-json\/wp\/v2\/comments?post=10"}],"version-history":[{"count":0,"href":"https:\/\/shop.strike.lu\/fr\/wp-json\/wp\/v2\/pages\/10\/revisions"}],"wp:attachment":[{"href":"https:\/\/shop.strike.lu\/fr\/wp-json\/wp\/v2\/media?parent=10"}],"curies":[{"name":"wp","href":"https:\/\/api.w.org\/{rel}","templated":true}]}}